{"id":1157,"date":"2026-02-19T08:54:38","date_gmt":"2026-02-19T07:54:38","guid":{"rendered":"https:\/\/maxupport.com\/home\/"},"modified":"2026-03-19T09:15:05","modified_gmt":"2026-03-19T08:15:05","slug":"home","status":"publish","type":"page","link":"https:\/\/maxupport.com\/fr\/","title":{"rendered":"Home"},"content":{"rendered":"","protected":false},"excerpt":{"rendered":"<p>Avec nous, vous faites la diff\u00e9rence en mati\u00e8re de service client. Un prestataire exp\u00e9riment\u00e9 qui vous relie \u00e0 vos clients. \u00c0 tout moment. Partout.   <\/p>\n","protected":false},"author":1,"featured_media":1234,"parent":0,"menu_order":0,"comment_status":"closed","ping_status":"closed","template":"","meta":{"_acf_changed":false,"footnotes":""},"class_list":["post-1157","page","type-page","status-publish","has-post-thumbnail","hentry"],"acf":[],"_hostinger_reach_plugin_has_subscription_block":false,"_hostinger_reach_plugin_is_elementor":false,"_links":{"self":[{"href":"https:\/\/maxupport.com\/fr\/wp-json\/wp\/v2\/pages\/1157","targetHints":{"allow":["GET"]}}],"collection":[{"href":"https:\/\/maxupport.com\/fr\/wp-json\/wp\/v2\/pages"}],"about":[{"href":"https:\/\/maxupport.com\/fr\/wp-json\/wp\/v2\/types\/page"}],"author":[{"embeddable":true,"href":"https:\/\/maxupport.com\/fr\/wp-json\/wp\/v2\/users\/1"}],"replies":[{"embeddable":true,"href":"https:\/\/maxupport.com\/fr\/wp-json\/wp\/v2\/comments?post=1157"}],"version-history":[{"count":1,"href":"https:\/\/maxupport.com\/fr\/wp-json\/wp\/v2\/pages\/1157\/revisions"}],"predecessor-version":[{"id":1237,"href":"https:\/\/maxupport.com\/fr\/wp-json\/wp\/v2\/pages\/1157\/revisions\/1237"}],"wp:featuredmedia":[{"embeddable":true,"href":"https:\/\/maxupport.com\/fr\/wp-json\/wp\/v2\/media\/1234"}],"wp:attachment":[{"href":"https:\/\/maxupport.com\/fr\/wp-json\/wp\/v2\/media?parent=1157"}],"curies":[{"name":"wp","href":"https:\/\/api.w.org\/{rel}","templated":true}]}}